{"id":8292,"date":"2024-05-17T11:06:15","date_gmt":"2024-05-17T11:06:15","guid":{"rendered":"https:\/\/www.findmadeira.pt\/sobre\/"},"modified":"2024-12-19T16:05:39","modified_gmt":"2024-12-19T16:05:39","slug":"sobre","status":"publish","type":"page","link":"https:\/\/www.findmadeira.pt\/en\/about\/","title":{"rendered":"About"},"content":{"rendered":"<div class=\"wpb-content-wrapper\"><p>[vc_row][vc_column offset=&#8221;vc_hidden-xs&#8221;][vc_single_image image=&#8221;4516&#8243; img_size=&#8221;500&#215;118&#8243; alignment=&#8221;center&#8221; css=&#8221;.vc_custom_1715944131964{margin-bottom: 40px !important;}&#8221;][vc_column_text css=&#8221;.vc_custom_1734115669034{margin-bottom: 30px !important;}&#8221;]<\/p>\n<h3 style=\"text-align: center;\">GET THE BEST OF MADEIRA, EVERY DAY<\/h3>\n<p>[\/vc_column_text][vc_single_image image=&#8221;4511&#8243; img_size=&#8221;full&#8221; css=&#8221;&#8221;][vc_column_text css=&#8221;.vc_custom_1734624316240{margin-right: 80px !important;margin-left: 60px !important;}&#8221;]<strong>Find Madeira<\/strong> is a thoughtfully crafted tourism project encompassing a digital guide and printed materials such as maps and booklets. Designed with short stays in mind, it offers expertly curated suggestions for unmissable places and activities across Madeira, enabling visitors to plan their experiences with confidence and ease.<\/p>\n<p>Focused on showcasing the island\u2019s finest, <strong>Find Madeira<\/strong> highlights top recommendations across <a href=\"https:\/\/www.findmadeira.pt\/en\/eat\/\"><u>dining<\/u><\/a>, <a href=\"https:\/\/www.findmadeira.pt\/en\/sleep\/\"><u>accommodation<\/u><\/a>, <a href=\"https:\/\/www.findmadeira.pt\/en\/4-day-itinerary-in-madeira-exploring-the-island-from-north-to-south\/\"><u>sightseeing<\/u><\/a>, <a href=\"https:\/\/www.findmadeira.pt\/en\/nightlife-in-madeira-a-drink-to-relax\/\"><u>nightlife<\/u><\/a>, <a href=\"https:\/\/www.findmadeira.pt\/en\/shopping\/\"><u>shopping<\/u><\/a>, and <a href=\"https:\/\/www.findmadeira.pt\/en\/activities\/\"><u>activities<\/u><\/a>. Whether you\u2019re seeking a culinary gem, an unforgettable adventure, or a tranquil retreat, the guide has something to inspire every traveler.<\/p>\n<p>The online version of <strong>Find Madeira<\/strong> seamlessly extends the experience, providing easy access to comprehensive regional guides, ensuring readers are always well-informed.<\/p>\n<p>Embark on your Madeira adventure with <strong>Find Madeira<\/strong> as your trusted companion.[\/vc_column_text][vc_empty_space height=&#8221;132px&#8221;][\/vc_column][\/vc_row][vc_row][vc_column offset=&#8221;vc_hidden-lg vc_hidden-md vc_hidden-sm&#8221;][vc_single_image image=&#8221;4516&#8243; img_size=&#8221;500&#215;118&#8243; alignment=&#8221;center&#8221; css=&#8221;.vc_custom_1715944131964{margin-bottom: 40px !important;}&#8221;][vc_column_text css=&#8221;.vc_custom_1734115675164{margin-bottom: 30px !important;}&#8221;]<\/p>\n<h3 style=\"text-align: center;\">GET THE BEST OF MADEIRA, EVERY DAY<\/h3>\n<p>[\/vc_column_text][vc_column_text css=&#8221;.vc_custom_1734624316240{margin-right: 80px !important;margin-left: 60px !important;}&#8221;]<strong>Find Madeira<\/strong> is a thoughtfully crafted tourism project encompassing a digital guide and printed materials such as maps and booklets. Designed with short stays in mind, it offers expertly curated suggestions for unmissable places and activities across Madeira, enabling visitors to plan their experiences with confidence and ease.<\/p>\n<p>Focused on showcasing the island\u2019s finest, <strong>Find Madeira<\/strong> highlights top recommendations across <a href=\"https:\/\/www.findmadeira.pt\/en\/eat\/\"><u>dining<\/u><\/a>, <a href=\"https:\/\/www.findmadeira.pt\/en\/sleep\/\"><u>accommodation<\/u><\/a>, <a href=\"https:\/\/www.findmadeira.pt\/en\/4-day-itinerary-in-madeira-exploring-the-island-from-north-to-south\/\"><u>sightseeing<\/u><\/a>, <a href=\"https:\/\/www.findmadeira.pt\/en\/nightlife-in-madeira-a-drink-to-relax\/\"><u>nightlife<\/u><\/a>, <a href=\"https:\/\/www.findmadeira.pt\/en\/shopping\/\"><u>shopping<\/u><\/a>, and <a href=\"https:\/\/www.findmadeira.pt\/en\/activities\/\"><u>activities<\/u><\/a>. Whether you\u2019re seeking a culinary gem, an unforgettable adventure, or a tranquil retreat, the guide has something to inspire every traveler.<\/p>\n<p>The online version of <strong>Find Madeira<\/strong> seamlessly extends the experience, providing easy access to comprehensive regional guides, ensuring readers are always well-informed.<\/p>\n<p>Embark on your Madeira adventure with <strong>Find Madeira<\/strong> as your trusted companion.[\/vc_column_text][vc_single_image image=&#8221;4511&#8243; img_size=&#8221;full&#8221; css=&#8221;&#8221;][vc_empty_space height=&#8221;132px&#8221;][\/vc_column][\/vc_row]<\/p>\n<\/div>","protected":false},"excerpt":{"rendered":"<p>[vc_row][vc_column offset=&#8221;vc_hidden-xs&#8221;][vc_single_image image=&#8221;4516&#8243; img_size=&#8221;500&#215;118&#8243; alignment=&#8221;center&#8221; css=&#8221;.vc_custom_1715944131964{margin-bottom: 40px !important;}&#8221;][vc_column_text css=&#8221;.vc_custom_1734115669034{margin-bottom: 30px !important;}&#8221;] GET THE BEST OF MADEIRA, EVERY DAY [\/vc_column_text][vc_single_image image=&#8221;4511&#8243; [&hellip;]<\/p>\n","protected":false},"author":1,"featured_media":0,"parent":0,"menu_order":0,"comment_status":"closed","ping_status":"closed","template":"","meta":{"_acf_changed":false,"_themeisle_gutenberg_block_has_review":false,"footnotes":""},"class_list":["post-8292","page","type-page","status-publish","hentry"],"acf":[],"yoast_head":"<!-- This site is optimized with the Yoast SEO plugin v27.5 - https:\/\/yoast.com\/product\/yoast-seo-wordpress\/ -->\n<title>About - Find Madeira<\/title>\n<meta name=\"description\" content=\"Criado a pensar em estadias breves, o Find Madeira d\u00e1 sugest\u00f5es de s\u00edtios e atividades imperd\u00edveis na Madeira.\" \/>\n<meta name=\"robots\" content=\"index, follow, max-snippet:-1, max-image-preview:large, max-video-preview:-1\" \/>\n<link rel=\"canonical\" href=\"https:\/\/www.findmadeira.pt\/en\/about\/\" \/>\n<meta property=\"og:locale\" content=\"en_US\" \/>\n<meta property=\"og:type\" content=\"article\" \/>\n<meta property=\"og:title\" content=\"About - Find Madeira\" \/>\n<meta property=\"og:description\" content=\"Criado a pensar em estadias breves, o Find Madeira d\u00e1 sugest\u00f5es de s\u00edtios e atividades imperd\u00edveis na Madeira.\" \/>\n<meta property=\"og:url\" content=\"https:\/\/www.findmadeira.pt\/en\/about\/\" \/>\n<meta property=\"og:site_name\" content=\"Find Madeira\" \/>\n<meta property=\"article:modified_time\" content=\"2024-12-19T16:05:39+00:00\" \/>\n<meta name=\"twitter:card\" content=\"summary_large_image\" \/>\n<meta name=\"twitter:label1\" content=\"Est. reading time\" \/>\n\t<meta name=\"twitter:data1\" content=\"3 minutes\" \/>\n<script type=\"application\/ld+json\" class=\"yoast-schema-graph\">{\"@context\":\"https:\\\/\\\/schema.org\",\"@graph\":[{\"@type\":\"WebPage\",\"@id\":\"https:\\\/\\\/www.findmadeira.pt\\\/en\\\/about\\\/\",\"url\":\"https:\\\/\\\/www.findmadeira.pt\\\/en\\\/about\\\/\",\"name\":\"About - Find Madeira\",\"isPartOf\":{\"@id\":\"https:\\\/\\\/www.findmadeira.pt\\\/en\\\/#website\"},\"datePublished\":\"2024-05-17T11:06:15+00:00\",\"dateModified\":\"2024-12-19T16:05:39+00:00\",\"description\":\"Criado a pensar em estadias breves, o Find Madeira d\u00e1 sugest\u00f5es de s\u00edtios e atividades imperd\u00edveis na Madeira.\",\"breadcrumb\":{\"@id\":\"https:\\\/\\\/www.findmadeira.pt\\\/en\\\/about\\\/#breadcrumb\"},\"inLanguage\":\"en-US\",\"potentialAction\":[{\"@type\":\"ReadAction\",\"target\":[\"https:\\\/\\\/www.findmadeira.pt\\\/en\\\/about\\\/\"]}]},{\"@type\":\"BreadcrumbList\",\"@id\":\"https:\\\/\\\/www.findmadeira.pt\\\/en\\\/about\\\/#breadcrumb\",\"itemListElement\":[{\"@type\":\"ListItem\",\"position\":1,\"name\":\"In\u00edcio\",\"item\":\"https:\\\/\\\/www.findmadeira.pt\\\/en\\\/\"},{\"@type\":\"ListItem\",\"position\":2,\"name\":\"About\"}]},{\"@type\":\"WebSite\",\"@id\":\"https:\\\/\\\/www.findmadeira.pt\\\/en\\\/#website\",\"url\":\"https:\\\/\\\/www.findmadeira.pt\\\/en\\\/\",\"name\":\"Find Madeira\",\"description\":\"\",\"potentialAction\":[{\"@type\":\"SearchAction\",\"target\":{\"@type\":\"EntryPoint\",\"urlTemplate\":\"https:\\\/\\\/www.findmadeira.pt\\\/en\\\/?s={search_term_string}\"},\"query-input\":{\"@type\":\"PropertyValueSpecification\",\"valueRequired\":true,\"valueName\":\"search_term_string\"}}],\"inLanguage\":\"en-US\"}]}<\/script>\n<!-- \/ Yoast SEO plugin. -->","yoast_head_json":{"title":"About - Find Madeira","description":"Criado a pensar em estadias breves, o Find Madeira d\u00e1 sugest\u00f5es de s\u00edtios e atividades imperd\u00edveis na Madeira.","robots":{"index":"index","follow":"follow","max-snippet":"max-snippet:-1","max-image-preview":"max-image-preview:large","max-video-preview":"max-video-preview:-1"},"canonical":"https:\/\/www.findmadeira.pt\/en\/about\/","og_locale":"en_US","og_type":"article","og_title":"About - Find Madeira","og_description":"Criado a pensar em estadias breves, o Find Madeira d\u00e1 sugest\u00f5es de s\u00edtios e atividades imperd\u00edveis na Madeira.","og_url":"https:\/\/www.findmadeira.pt\/en\/about\/","og_site_name":"Find Madeira","article_modified_time":"2024-12-19T16:05:39+00:00","twitter_card":"summary_large_image","twitter_misc":{"Est. reading time":"3 minutes"},"schema":{"@context":"https:\/\/schema.org","@graph":[{"@type":"WebPage","@id":"https:\/\/www.findmadeira.pt\/en\/about\/","url":"https:\/\/www.findmadeira.pt\/en\/about\/","name":"About - Find Madeira","isPartOf":{"@id":"https:\/\/www.findmadeira.pt\/en\/#website"},"datePublished":"2024-05-17T11:06:15+00:00","dateModified":"2024-12-19T16:05:39+00:00","description":"Criado a pensar em estadias breves, o Find Madeira d\u00e1 sugest\u00f5es de s\u00edtios e atividades imperd\u00edveis na Madeira.","breadcrumb":{"@id":"https:\/\/www.findmadeira.pt\/en\/about\/#breadcrumb"},"inLanguage":"en-US","potentialAction":[{"@type":"ReadAction","target":["https:\/\/www.findmadeira.pt\/en\/about\/"]}]},{"@type":"BreadcrumbList","@id":"https:\/\/www.findmadeira.pt\/en\/about\/#breadcrumb","itemListElement":[{"@type":"ListItem","position":1,"name":"In\u00edcio","item":"https:\/\/www.findmadeira.pt\/en\/"},{"@type":"ListItem","position":2,"name":"About"}]},{"@type":"WebSite","@id":"https:\/\/www.findmadeira.pt\/en\/#website","url":"https:\/\/www.findmadeira.pt\/en\/","name":"Find Madeira","description":"","potentialAction":[{"@type":"SearchAction","target":{"@type":"EntryPoint","urlTemplate":"https:\/\/www.findmadeira.pt\/en\/?s={search_term_string}"},"query-input":{"@type":"PropertyValueSpecification","valueRequired":true,"valueName":"search_term_string"}}],"inLanguage":"en-US"}]}},"_links":{"self":[{"href":"https:\/\/www.findmadeira.pt\/en\/wp-json\/wp\/v2\/pages\/8292","targetHints":{"allow":["GET"]}}],"collection":[{"href":"https:\/\/www.findmadeira.pt\/en\/wp-json\/wp\/v2\/pages"}],"about":[{"href":"https:\/\/www.findmadeira.pt\/en\/wp-json\/wp\/v2\/types\/page"}],"author":[{"embeddable":true,"href":"https:\/\/www.findmadeira.pt\/en\/wp-json\/wp\/v2\/users\/1"}],"replies":[{"embeddable":true,"href":"https:\/\/www.findmadeira.pt\/en\/wp-json\/wp\/v2\/comments?post=8292"}],"version-history":[{"count":4,"href":"https:\/\/www.findmadeira.pt\/en\/wp-json\/wp\/v2\/pages\/8292\/revisions"}],"predecessor-version":[{"id":8434,"href":"https:\/\/www.findmadeira.pt\/en\/wp-json\/wp\/v2\/pages\/8292\/revisions\/8434"}],"wp:attachment":[{"href":"https:\/\/www.findmadeira.pt\/en\/wp-json\/wp\/v2\/media?parent=8292"}],"curies":[{"name":"wp","href":"https:\/\/api.w.org\/{rel}","templated":true}]}}